{"id":833,"date":"2025-04-28T21:53:06","date_gmt":"2025-04-28T20:53:06","guid":{"rendered":"https:\/\/eizconsultants.com\/?page_id=833"},"modified":"2025-04-29T19:40:04","modified_gmt":"2025-04-29T18:40:04","slug":"servicios","status":"publish","type":"page","link":"https:\/\/eizconsultants.com\/en\/servicios\/","title":{"rendered":"Services"},"content":{"rendered":"<p>[et_pb_section fb_built=\u00bb1&#8243; admin_label=\u00bbHero Section\u00bb _builder_version=\u00bb4.27.4&#8243; use_background_color_gradient=\u00bbon\u00bb background_color_gradient_direction=\u00bb105deg\u00bb background_color_gradient_stops=\u00bb#1bb3eb 0%|#19a69c 100%\u00bb background_color_gradient_start=\u00bb#1bb3eb\u00bb background_color_gradient_end=\u00bb#25efcb\u00bb custom_padding=\u00bb60px|0px|60px|0px\u00bb global_colors_info=\u00bb{}\u00bb][et_pb_row _builder_version=\u00bb4.16&#8243; background_size=\u00bbinitial\u00bb background_position=\u00bbtop_left\u00bb background_repeat=\u00bbrepeat\u00bb global_colors_info=\u00bb{}\u00bb][et_pb_column type=\u00bb4_4&#8243; _builder_version=\u00bb4.16&#8243; custom_padding=\u00bb|||\u00bb global_colors_info=\u00bb{}\u00bb custom_padding__hover=\u00bb|||\u00bb][et_pb_text _builder_version=\u00bb4.27.4&#8243; text_font=\u00bbPoppins||||||||\u00bb text_text_color=\u00bbrgba(255,255,255,0.8)\u00bb text_font_size=\u00bb18px\u00bb text_line_height=\u00bb1.8em\u00bb header_font=\u00bbPoppins|600|||||||\u00bb header_text_color=\u00bb#ffffff\u00bb header_font_size=\u00bb48px\u00bb header_line_height=\u00bb1.4em\u00bb header_3_font=\u00bbPoppins|600|||||||\u00bb header_3_font_size=\u00bb36px\u00bb header_3_line_height=\u00bb1.4em\u00bb background_layout=\u00bbdark\u00bb max_width=\u00bb600px\u00bb module_alignment=\u00bbleft\u00bb custom_margin=\u00bb|||\u00bb locked=\u00bboff\u00bb global_colors_info=\u00bb{}\u00bb]<\/p>\n<h1>Nuestros servicios<\/h1>\n<p>Convertimos tus ideas en dise\u00f1os que hablan por tu marca. Ya sea que est\u00e9s empezando o buscando refrescar tu imagen, tenemos paquetes flexibles que se ajustan a tu presupuesto y necesidades reales.<\/p>\n<p>[\/et_pb_text][\/et_pb_column][\/et_pb_row][\/et_pb_section][et_pb_section fb_built=\u00bb1&#8243; admin_label=\u00bbClasses Section\u00bb _builder_version=\u00bb4.16&#8243; background_color=\u00bb#fafbfc\u00bb custom_padding=\u00bb110px|0px|110px|0px\u00bb global_colors_info=\u00bb{}\u00bb][et_pb_row admin_label=\u00bbRow\u00bb _builder_version=\u00bb4.16&#8243; global_colors_info=\u00bb{}\u00bb][et_pb_column type=\u00bb4_4&#8243; _builder_version=\u00bb4.16&#8243; custom_padding=\u00bb|||\u00bb global_colors_info=\u00bb{}\u00bb custom_padding__hover=\u00bb|||\u00bb][et_pb_text _builder_version=\u00bb4.27.4&#8243; text_font=\u00bb||||||||\u00bb header_font=\u00bb||||||||\u00bb header_2_font=\u00bbPoppins|500||on|||||\u00bb header_2_text_color=\u00bbrgba(0,0,0,0.2)\u00bb header_2_font_size=\u00bb16px\u00bb header_2_letter_spacing=\u00bb1px\u00bb header_2_line_height=\u00bb1.3em\u00bb text_orientation=\u00bbcenter\u00bb custom_margin=\u00bb||20px|\u00bb saved_tabs=\u00bball\u00bb locked=\u00bboff\u00bb global_colors_info=\u00bb{}\u00bb]<\/p>\n<h2>\u00bfC\u00f3mo podemos ayudarte?<\/h2>\n<h2><\/h2>\n<p>[\/et_pb_text][et_pb_text _builder_version=\u00bb4.27.4&#8243; text_font=\u00bb||||||||\u00bb header_font=\u00bb||||||||\u00bb header_text_align=\u00bbcenter\u00bb header_3_font=\u00bbPoppins|600|||||||\u00bb header_3_text_color=\u00bb#44d89e\u00bb header_3_font_size=\u00bb36px\u00bb header_3_line_height=\u00bb1.4em\u00bb text_orientation=\u00bbcenter\u00bb global_colors_info=\u00bb{}\u00bb]<\/p>\n<h3>Nuestros paquetes<\/h3>\n<p>[\/et_pb_text][\/et_pb_column][\/et_pb_row][et_pb_row column_structure=\u00bb1_2,1_2&#8243; admin_label=\u00bbClass\u00bb module_id=\u00bbyamo\u00bb _builder_version=\u00bb4.27.4&#8243; background_color=\u00bb#ffffff\u00bb custom_margin=\u00bb||60px|\u00bb custom_padding=\u00bb|40px||40px\u00bb animation_style=\u00bbfade\u00bb border_radii=\u00bbon|6px|6px|6px|6px\u00bb box_shadow_style=\u00bbpreset1&#8243; box_shadow_vertical=\u00bb10px\u00bb box_shadow_blur=\u00bb24px\u00bb box_shadow_spread=\u00bb6px\u00bb box_shadow_color=\u00bbrgba(0,0,0,0.06)\u00bb global_colors_info=\u00bb{}\u00bb][et_pb_column type=\u00bb1_2&#8243; _builder_version=\u00bb4.16&#8243; custom_padding=\u00bb|||\u00bb global_colors_info=\u00bb{}\u00bb custom_padding__hover=\u00bb|||\u00bb][et_pb_image src=\u00bbhttps:\/\/eizconsultants.com\/wp-content\/uploads\/2025\/04\/icono-paq2.png\u00bb title_text=\u00bbicono-paq2&#8243; align=\u00bbcenter\u00bb align_tablet=\u00bbcenter\u00bb align_phone=\u00bbcenter\u00bb align_last_edited=\u00bbon|desktop\u00bb _builder_version=\u00bb4.27.4&#8243; global_colors_info=\u00bb{}\u00bb][\/et_pb_image][\/et_pb_column][et_pb_column type=\u00bb1_2&#8243; _builder_version=\u00bb4.16&#8243; custom_padding=\u00bb|||\u00bb global_colors_info=\u00bb{}\u00bb custom_padding__hover=\u00bb|||\u00bb][et_pb_text _builder_version=\u00bb4.27.4&#8243; text_font=\u00bbOpen Sans||||||||\u00bb text_text_color=\u00bb#486066&#8243; text_font_size=\u00bb15px\u00bb text_line_height=\u00bb1.8em\u00bb header_font=\u00bb||||||||\u00bb header_3_font=\u00bbPoppins|600|||||||\u00bb header_3_text_color=\u00bb#486066&#8243; header_3_font_size=\u00bb18px\u00bb header_3_line_height=\u00bb1.4em\u00bb locked=\u00bboff\u00bb global_colors_info=\u00bb{}\u00bb]<\/p>\n<h3>Paquete YAMO<\/h3>\n<p data-start=\"214\" data-end=\"278\" class=\"\">Ideal para emprendimientos o proyectos que reci\u00e9n comienzan.<\/p>\n<p data-start=\"280\" data-end=\"292\" class=\"\">Incluye:<\/p>\n<ul data-start=\"293\" data-end=\"501\">\n<li data-start=\"293\" data-end=\"349\" class=\"\">\n<p data-start=\"295\" data-end=\"349\" class=\"\">Dise\u00f1o de logotipo (2 propuestas, 2 rondas de cambios)<\/p>\n<\/li>\n<li data-start=\"350\" data-end=\"376\" class=\"\">\n<p data-start=\"352\" data-end=\"376\" class=\"\">Paleta de colores b\u00e1sica<\/p>\n<\/li>\n<li data-start=\"377\" data-end=\"401\" class=\"\">\n<p data-start=\"379\" data-end=\"401\" class=\"\">Tipograf\u00eda recomendada<\/p>\n<\/li>\n<li data-start=\"402\" data-end=\"430\" class=\"\">\n<p data-start=\"404\" data-end=\"430\" class=\"\">Icono o isotipo adaptativo<\/p>\n<\/li>\n<li data-start=\"431\" data-end=\"501\" class=\"\">\n<p data-start=\"433\" data-end=\"501\" class=\"\">Entrega de archivos en formatos PNG, JPG, PDF y vectorial (AI o SVG)<\/p>\n<\/li>\n<\/ul>\n<p data-start=\"503\" data-end=\"547\" class=\"\">[\/et_pb_text][\/et_pb_column][\/et_pb_row][et_pb_row column_structure=\u00bb1_2,1_2&#8243; admin_label=\u00bbClass\u00bb module_id=\u00bbguelo\u00bb _builder_version=\u00bb4.27.4&#8243; background_color=\u00bb#ffffff\u00bb custom_margin=\u00bb||60px|\u00bb custom_padding=\u00bb|40px||40px\u00bb animation_style=\u00bbfade\u00bb border_radii=\u00bbon|6px|6px|6px|6px\u00bb box_shadow_style=\u00bbpreset1&#8243; box_shadow_vertical=\u00bb10px\u00bb box_shadow_blur=\u00bb24px\u00bb box_shadow_spread=\u00bb6px\u00bb box_shadow_color=\u00bbrgba(0,0,0,0.06)\u00bb global_colors_info=\u00bb{}\u00bb][et_pb_column type=\u00bb1_2&#8243; _builder_version=\u00bb4.16&#8243; custom_padding=\u00bb|||\u00bb global_colors_info=\u00bb{}\u00bb custom_padding__hover=\u00bb|||\u00bb][et_pb_image src=\u00bbhttps:\/\/eizconsultants.com\/wp-content\/uploads\/2025\/04\/icono-paq3.png\u00bb title_text=\u00bbicono-paq3&#8243; align=\u00bbcenter\u00bb align_tablet=\u00bbcenter\u00bb align_phone=\u00bbcenter\u00bb align_last_edited=\u00bbon|desktop\u00bb _builder_version=\u00bb4.27.4&#8243; global_colors_info=\u00bb{}\u00bb][\/et_pb_image][\/et_pb_column][et_pb_column type=\u00bb1_2&#8243; _builder_version=\u00bb4.27.4&#8243; custom_padding=\u00bb|||\u00bb global_colors_info=\u00bb{}\u00bb custom_padding__hover=\u00bb|||\u00bb][et_pb_text _builder_version=\u00bb4.27.4&#8243; text_font=\u00bbOpen Sans||||||||\u00bb text_text_color=\u00bb#486066&#8243; text_font_size=\u00bb15px\u00bb text_line_height=\u00bb1.8em\u00bb header_font=\u00bb||||||||\u00bb header_3_font=\u00bbPoppins|600|||||||\u00bb header_3_text_color=\u00bb#486066&#8243; header_3_font_size=\u00bb18px\u00bb header_3_line_height=\u00bb1.4em\u00bb locked=\u00bboff\u00bb global_colors_info=\u00bb{}\u00bb]<\/p>\n<h3>Paquete G\u00dcELO<\/h3>\n<p data-start=\"611\" data-end=\"685\" class=\"\">Pensado para marcas que ya buscan consolidar una presencia m\u00e1s s\u00f3lida.<\/p>\n<p data-start=\"687\" data-end=\"699\" class=\"\">Incluye:<\/p>\n<ul data-start=\"700\" data-end=\"969\">\n<li data-start=\"700\" data-end=\"728\" class=\"\">\n<p data-start=\"702\" data-end=\"728\" class=\"\">Todo lo del Paquete Yamo<\/p>\n<\/li>\n<li data-start=\"729\" data-end=\"833\" class=\"\">\n<p data-start=\"731\" data-end=\"753\" class=\"\">Papeler\u00eda Corporativa:<\/p>\n<ul data-start=\"756\" data-end=\"833\">\n<li data-start=\"756\" data-end=\"781\" class=\"\">\n<p data-start=\"758\" data-end=\"781\" class=\"\">Tarjeta de presentaci\u00f3n<\/p>\n<\/li>\n<li data-start=\"784\" data-end=\"801\" class=\"\">\n<p data-start=\"786\" data-end=\"801\" class=\"\">Hoja membretada<\/p>\n<\/li>\n<li data-start=\"804\" data-end=\"833\" class=\"\">\n<p data-start=\"806\" data-end=\"833\" class=\"\">Firma de correo electr\u00f3nico<\/p>\n<\/li>\n<\/ul>\n<\/li>\n<li data-start=\"834\" data-end=\"877\" class=\"\">\n<p data-start=\"836\" data-end=\"877\" class=\"\">Dise\u00f1o de 3 templates para redes sociales<\/p>\n<\/li>\n<li data-start=\"878\" data-end=\"969\" class=\"\">\n<p data-start=\"1173\" data-end=\"1218\" class=\"\">Manual de identidad corporativa completo:<\/p>\n<ul data-start=\"1221\" data-end=\"1414\">\n<li data-start=\"1221\" data-end=\"1249\" class=\"\">\n<p data-start=\"1223\" data-end=\"1249\" class=\"\">Normas de uso del logotipo<\/p>\n<\/li>\n<li data-start=\"1252\" data-end=\"1280\" class=\"\">\n<p data-start=\"1254\" data-end=\"1280\" class=\"\">Paleta crom\u00e1tica detallada<\/p>\n<\/li>\n<li data-start=\"1283\" data-end=\"1322\" class=\"\">\n<p data-start=\"1285\" data-end=\"1322\" class=\"\">Tipograf\u00edas principales y secundarias<\/p>\n<\/li>\n<li data-start=\"1325\" data-end=\"1387\" class=\"\">\n<p data-start=\"1327\" data-end=\"1387\" class=\"\">Aplicaciones de marca (merchandising, papeler\u00eda, se\u00f1al\u00e9tica)<\/p>\n<\/li>\n<\/ul>\n<\/li>\n<\/ul>\n<p>[\/et_pb_text][\/et_pb_column][\/et_pb_row][et_pb_row column_structure=\u00bb1_2,1_2&#8243; admin_label=\u00bbClass\u00bb module_id=\u00bb#toca\u00bb _builder_version=\u00bb4.27.4&#8243; background_color=\u00bb#ffffff\u00bb custom_margin=\u00bb||60px|\u00bb custom_padding=\u00bb|40px||40px\u00bb animation_style=\u00bbfade\u00bb border_radii=\u00bbon|6px|6px|6px|6px\u00bb box_shadow_style=\u00bbpreset1&#8243; box_shadow_vertical=\u00bb10px\u00bb box_shadow_blur=\u00bb24px\u00bb box_shadow_spread=\u00bb6px\u00bb box_shadow_color=\u00bbrgba(0,0,0,0.06)\u00bb global_colors_info=\u00bb{}\u00bb][et_pb_column type=\u00bb1_2&#8243; _builder_version=\u00bb4.16&#8243; custom_padding=\u00bb|||\u00bb global_colors_info=\u00bb{}\u00bb custom_padding__hover=\u00bb|||\u00bb][et_pb_image src=\u00bbhttps:\/\/eizconsultants.com\/wp-content\/uploads\/2025\/04\/icono-paq4.png\u00bb title_text=\u00bbicono-paq4&#8243; align=\u00bbcenter\u00bb align_tablet=\u00bbcenter\u00bb align_phone=\u00bbcenter\u00bb align_last_edited=\u00bbon|desktop\u00bb _builder_version=\u00bb4.27.4&#8243; global_colors_info=\u00bb{}\u00bb][\/et_pb_image][\/et_pb_column][et_pb_column type=\u00bb1_2&#8243; _builder_version=\u00bb4.16&#8243; custom_padding=\u00bb|||\u00bb global_colors_info=\u00bb{}\u00bb custom_padding__hover=\u00bb|||\u00bb][et_pb_text _builder_version=\u00bb4.27.4&#8243; text_font=\u00bbOpen Sans||||||||\u00bb text_text_color=\u00bb#486066&#8243; text_font_size=\u00bb15px\u00bb text_line_height=\u00bb1.8em\u00bb header_font=\u00bb||||||||\u00bb header_3_font=\u00bbPoppins|600|||||||\u00bb header_3_text_color=\u00bb#486066&#8243; header_3_font_size=\u00bb18px\u00bb header_3_line_height=\u00bb1.4em\u00bb locked=\u00bboff\u00bb global_colors_info=\u00bb{}\u00bb]<\/p>\n<h3>Paquete TOCO<\/h3>\n<p data-start=\"1047\" data-end=\"1123\" class=\"\">Perfecto para empresas que necesitan una presencia corporativa completa.<\/p>\n<p data-start=\"1125\" data-end=\"1137\" class=\"\">Incluye:<\/p>\n<ul data-start=\"1138\" data-end=\"1652\">\n<li data-start=\"1138\" data-end=\"1170\" class=\"\">\n<p data-start=\"1140\" data-end=\"1170\" class=\"\">Todo lo del Paquete GUELO<\/p>\n<\/li>\n<li data-start=\"1415\" data-end=\"1652\" class=\"\">\n<p data-start=\"1417\" data-end=\"1462\" class=\"\">Dise\u00f1o y desarrollo de p\u00e1gina web b\u00e1sica:<\/p>\n<ul data-start=\"1465\" data-end=\"1652\">\n<li data-start=\"1465\" data-end=\"1537\" class=\"\">\n<p data-start=\"1467\" data-end=\"1537\" class=\"\">P\u00e1gina principal + 3 secciones (Inicio, Nosotros, Servicios, Contacto)<\/p>\n<\/li>\n<li data-start=\"1540\" data-end=\"1564\" class=\"\">\n<p data-start=\"1542\" data-end=\"1564\" class=\"\">Adaptable (responsive)<\/p>\n<\/li>\n<li data-start=\"1567\" data-end=\"1592\" class=\"\">\n<p data-start=\"1569\" data-end=\"1592\" class=\"\">Optimizaci\u00f3n SEO b\u00e1sica<\/p>\n<\/li>\n<li data-start=\"1595\" data-end=\"1652\" class=\"\">\n<p data-start=\"1597\" data-end=\"1652\" class=\"\">Integraci\u00f3n con redes sociales y formulario de contacto<\/p>\n<\/li>\n<\/ul>\n<\/li>\n<\/ul>\n<p>[\/et_pb_text][\/et_pb_column][\/et_pb_row][\/et_pb_section][et_pb_section fb_built=\u00bb1&#8243; admin_label=\u00bbOur Services Section\u00bb _builder_version=\u00bb4.16&#8243; background_color=\u00bb#fafbfc\u00bb custom_padding=\u00bb110px|0px|110px|0px\u00bb global_colors_info=\u00bb{}\u00bb][et_pb_row _builder_version=\u00bb4.16&#8243; locked=\u00bboff\u00bb global_colors_info=\u00bb{}\u00bb][et_pb_column type=\u00bb4_4&#8243; _builder_version=\u00bb4.16&#8243; custom_padding=\u00bb|||\u00bb global_colors_info=\u00bb{}\u00bb custom_padding__hover=\u00bb|||\u00bb][et_pb_text _builder_version=\u00bb4.27.4&#8243; text_font=\u00bb||||||||\u00bb header_font=\u00bb||||||||\u00bb header_2_font=\u00bbPoppins|500||on|||||\u00bb header_2_text_color=\u00bbrgba(0,0,0,0.2)\u00bb header_2_font_size=\u00bb16px\u00bb header_2_letter_spacing=\u00bb1px\u00bb header_2_line_height=\u00bb1.3em\u00bb text_orientation=\u00bbcenter\u00bb custom_margin=\u00bb||20px|\u00bb saved_tabs=\u00bball\u00bb locked=\u00bboff\u00bb global_colors_info=\u00bb{}\u00bb]<\/p>\n<h2>Nuestros servicios<\/h2>\n<p>[\/et_pb_text][et_pb_text _builder_version=\u00bb4.27.4&#8243; text_font=\u00bb||||||||\u00bb header_font=\u00bb||||||||\u00bb header_text_align=\u00bbcenter\u00bb header_3_font=\u00bbPoppins|600|||||||\u00bb header_3_text_color=\u00bb#44d89e\u00bb header_3_font_size=\u00bb36px\u00bb header_3_line_height=\u00bb1.4em\u00bb text_orientation=\u00bbcenter\u00bb global_colors_info=\u00bb{}\u00bb]<\/p>\n<h3>Nuestra especialidad<\/h3>\n<p>[\/et_pb_text][\/et_pb_column][\/et_pb_row][et_pb_row column_structure=\u00bb1_3,1_3,1_3&#8243; use_custom_gutter=\u00bbon\u00bb gutter_width=\u00bb2&#8243; column_padding_mobile=\u00bbon\u00bb custom_padding_last_edited=\u00bbon|phone\u00bb _builder_version=\u00bb4.16&#8243; background_size=\u00bbinitial\u00bb background_position=\u00bbtop_left\u00bb background_repeat=\u00bbrepeat\u00bb custom_padding=\u00bb27px|0px|27px|0px\u00bb custom_padding_tablet=\u00bb49px|||\u00bb custom_padding_phone=\u00bb19px|||\u00bb global_colors_info=\u00bb{}\u00bb][et_pb_column type=\u00bb1_3&#8243; _builder_version=\u00bb4.16&#8243; custom_padding=\u00bb|||\u00bb global_colors_info=\u00bb{}\u00bb custom_padding__hover=\u00bb|||\u00bb][et_pb_blurb title=\u00bbDise\u00f1o gr\u00e1fico\u00bb image=\u00bbhttps:\/\/eizconsultants.com\/wp-content\/uploads\/2018\/10\/icono-diseno.png\u00bb image_icon_width=\u00bb75px\u00bb content_max_width=\u00bb552px\u00bb admin_label=\u00bbService\u00bb _builder_version=\u00bb4.27.4&#8243; header_font=\u00bbPoppins|600|||||||\u00bb header_text_align=\u00bbcenter\u00bb header_text_color=\u00bb#486066&#8243; header_font_size=\u00bb18px\u00bb header_line_height=\u00bb1.3em\u00bb body_font=\u00bbOpen Sans||||||||\u00bb body_text_align=\u00bbcenter\u00bb body_text_color=\u00bb#486066&#8243; body_line_height=\u00bb2em\u00bb background_color=\u00bb#ffffff\u00bb width=\u00bb100%\u00bb custom_margin=\u00bb|||\u00bb custom_padding=\u00bb40px|30px|40px|30px\u00bb animation_style=\u00bbfade\u00bb animation=\u00bboff\u00bb hover_enabled=\u00bb0&#8243; border_radii=\u00bbon|6px|6px|6px|6px\u00bb box_shadow_style=\u00bbpreset1&#8243; box_shadow_vertical=\u00bb10px\u00bb box_shadow_blur=\u00bb24px\u00bb box_shadow_spread=\u00bb6px\u00bb box_shadow_color=\u00bbrgba(0,0,0,0.06)\u00bb global_colors_info=\u00bb{}\u00bb sticky_enabled=\u00bb0&#8243;]<\/p>\n<p>Todo lo relacionado con el dise\u00f1o, desde logos, papeler\u00eda, brochures, anuncios manuales corporativos, carteles, presentaciones&#8230; todo lo que te imagines que necesite ser impreso o digitalizado.<\/p>\n<p>[\/et_pb_blurb][\/et_pb_column][et_pb_column type=\u00bb1_3&#8243; _builder_version=\u00bb4.16&#8243; custom_padding=\u00bb|||\u00bb global_colors_info=\u00bb{}\u00bb custom_padding__hover=\u00bb|||\u00bb][et_pb_blurb title=\u00bbDise\u00f1o web\u00bb image=\u00bbhttps:\/\/eizconsultants.com\/wp-content\/uploads\/2018\/10\/icono-web.png\u00bb image_icon_width=\u00bb26%\u00bb admin_label=\u00bbService\u00bb _builder_version=\u00bb4.27.4&#8243; header_font=\u00bbPoppins|600|||||||\u00bb header_text_align=\u00bbcenter\u00bb header_text_color=\u00bb#486066&#8243; header_font_size=\u00bb18px\u00bb header_line_height=\u00bb1.3em\u00bb body_font=\u00bbOpen Sans||||||||\u00bb body_text_align=\u00bbcenter\u00bb body_text_color=\u00bb#486066&#8243; body_line_height=\u00bb2em\u00bb background_color=\u00bb#ffffff\u00bb custom_margin=\u00bb|||\u00bb custom_padding=\u00bb40px|30px|40px|30px\u00bb animation_style=\u00bbfade\u00bb animation_delay=\u00bb100ms\u00bb animation=\u00bboff\u00bb hover_enabled=\u00bb0&#8243; border_radii=\u00bbon|6px|6px|6px|6px\u00bb box_shadow_style=\u00bbpreset1&#8243; box_shadow_vertical=\u00bb10px\u00bb box_shadow_blur=\u00bb24px\u00bb box_shadow_spread=\u00bb6px\u00bb box_shadow_color=\u00bbrgba(0,0,0,0.06)\u00bb global_colors_info=\u00bb{}\u00bb sticky_enabled=\u00bb0&#8243; title_text=\u00bbicono-web\u00bb]<\/p>\n<p>We offer you a website tailored to your needs, we can create a simple web site or a big e-commerce one, but the most important is to have a beautiful and functional web site, compatible with any device and easy to navigate.<\/p>\n<p>[\/et_pb_blurb][\/et_pb_column][et_pb_column type=\u00bb1_3&#8243; _builder_version=\u00bb4.16&#8243; custom_padding=\u00bb|||\u00bb global_colors_info=\u00bb{}\u00bb custom_padding__hover=\u00bb|||\u00bb][et_pb_blurb title=\u00bbDominios y Hosting\u00bb image=\u00bbhttps:\/\/eizconsultants.com\/wp-content\/uploads\/2018\/10\/icono-www.png\u00bb image_icon_width=\u00bb26%\u00bb admin_label=\u00bbService\u00bb _builder_version=\u00bb4.27.4&#8243; header_font=\u00bbPoppins|600|||||||\u00bb header_text_align=\u00bbcenter\u00bb header_text_color=\u00bb#486066&#8243; header_font_size=\u00bb18px\u00bb header_line_height=\u00bb1.3em\u00bb body_font=\u00bbOpen Sans||||||||\u00bb body_text_align=\u00bbcenter\u00bb body_text_color=\u00bb#486066&#8243; body_line_height=\u00bb2em\u00bb background_color=\u00bb#ffffff\u00bb custom_margin=\u00bb|||\u00bb custom_padding=\u00bb40px|30px|40px|30px\u00bb animation_style=\u00bbfade\u00bb animation_delay=\u00bb200ms\u00bb animation=\u00bboff\u00bb hover_enabled=\u00bb0&#8243; border_radii=\u00bbon|6px|6px|6px|6px\u00bb box_shadow_style=\u00bbpreset1&#8243; box_shadow_vertical=\u00bb10px\u00bb box_shadow_blur=\u00bb24px\u00bb box_shadow_spread=\u00bb6px\u00bb box_shadow_color=\u00bbrgba(0,0,0,0.06)\u00bb global_colors_info=\u00bb{}\u00bb sticky_enabled=\u00bb0&#8243; title_text=\u00bbicono-www\u00bb]<\/p>\n<p>We work with the best in the market, you should not worry about high prices or concepts that you do not understand. We offer you the hosting service and the purchase of the domain that will identify your web site as well as the emails of your company. All the IT service is part of our job!!!<\/p>\n<p>[\/et_pb_blurb][\/et_pb_column][\/et_pb_row][et_pb_row column_structure=\u00bb1_3,1_3,1_3&#8243; use_custom_gutter=\u00bbon\u00bb gutter_width=\u00bb2&#8243; column_padding_mobile=\u00bbon\u00bb custom_padding_last_edited=\u00bbon|phone\u00bb _builder_version=\u00bb4.16&#8243; background_size=\u00bbinitial\u00bb background_position=\u00bbtop_left\u00bb background_repeat=\u00bbrepeat\u00bb custom_padding=\u00bb27px|0px|27px|0px\u00bb custom_padding_tablet=\u00bb49px|||\u00bb custom_padding_phone=\u00bb19px|||\u00bb global_colors_info=\u00bb{}\u00bb][et_pb_column type=\u00bb1_3&#8243; _builder_version=\u00bb4.16&#8243; custom_padding=\u00bb|||\u00bb global_colors_info=\u00bb{}\u00bb custom_padding__hover=\u00bb|||\u00bb][et_pb_blurb title=\u00bbPosicionamiento SEO\u00bb image=\u00bbhttps:\/\/eizconsultants.com\/wp-content\/uploads\/2018\/10\/icono-seo.png\u00bb image_icon_width=\u00bb25%\u00bb admin_label=\u00bbService\u00bb _builder_version=\u00bb4.27.4&#8243; header_font=\u00bbPoppins|600|||||||\u00bb header_text_align=\u00bbcenter\u00bb header_text_color=\u00bb#486066&#8243; header_font_size=\u00bb18px\u00bb header_line_height=\u00bb1.3em\u00bb body_font=\u00bbOpen Sans||||||||\u00bb body_text_align=\u00bbcenter\u00bb body_text_color=\u00bb#486066&#8243; body_line_height=\u00bb2em\u00bb background_color=\u00bb#ffffff\u00bb custom_margin=\u00bb|||\u00bb custom_padding=\u00bb40px|30px|40px|30px\u00bb animation_style=\u00bbfade\u00bb animation_delay=\u00bb200ms\u00bb animation=\u00bboff\u00bb hover_enabled=\u00bb0&#8243; border_radii=\u00bbon|6px|6px|6px|6px\u00bb box_shadow_style=\u00bbpreset1&#8243; box_shadow_vertical=\u00bb10px\u00bb box_shadow_blur=\u00bb24px\u00bb box_shadow_spread=\u00bb6px\u00bb box_shadow_color=\u00bbrgba(0,0,0,0.06)\u00bb global_colors_info=\u00bb{}\u00bb sticky_enabled=\u00bb0&#8243;]<\/p>\n<p>We use SEO techniques to obtain the visibility that your company needs, SEO gives you a \"natural\" way to place your website at the top of the search pages. In addition, we launch marketing campaigns to accelerate this process.<\/p>\n<p>[\/et_pb_blurb][\/et_pb_column][et_pb_column type=\u00bb1_3&#8243; _builder_version=\u00bb4.16&#8243; custom_padding=\u00bb|||\u00bb global_colors_info=\u00bb{}\u00bb custom_padding__hover=\u00bb|||\u00bb][et_pb_blurb title=\u00bbMedios Sociales\u00bb image=\u00bbhttps:\/\/eizconsultants.com\/wp-content\/uploads\/2018\/10\/icono-share1.png\u00bb image_icon_width=\u00bb25%\u00bb admin_label=\u00bbService\u00bb _builder_version=\u00bb4.27.4&#8243; header_font=\u00bbPoppins|600|||||||\u00bb header_text_align=\u00bbcenter\u00bb header_text_color=\u00bb#486066&#8243; header_font_size=\u00bb18px\u00bb header_line_height=\u00bb1.3em\u00bb body_font=\u00bbOpen Sans||||||||\u00bb body_text_align=\u00bbcenter\u00bb body_text_color=\u00bb#486066&#8243; body_line_height=\u00bb2em\u00bb background_color=\u00bb#ffffff\u00bb custom_margin=\u00bb|||\u00bb custom_padding=\u00bb40px|30px|40px|30px\u00bb animation_style=\u00bbfade\u00bb animation=\u00bboff\u00bb hover_enabled=\u00bb0&#8243; border_radii=\u00bbon|6px|6px|6px|6px\u00bb box_shadow_style=\u00bbpreset1&#8243; box_shadow_vertical=\u00bb10px\u00bb box_shadow_blur=\u00bb24px\u00bb box_shadow_spread=\u00bb6px\u00bb box_shadow_color=\u00bbrgba(0,0,0,0.06)\u00bb global_colors_info=\u00bb{}\u00bb sticky_enabled=\u00bb0&#8243;]<\/p>\n<p>Social media is a tool to consolidate your image on internet, but you have to take into consideration that you do not need to have all of them (i.e facebook, instagram, pinterest, twitter, youtube etc), we advise you on which tool will be more productive for your business. We help you opening accounts, making follow-ups and marketing plans<\/p>\n<p>[\/et_pb_blurb][\/et_pb_column][et_pb_column type=\u00bb1_3&#8243; _builder_version=\u00bb4.16&#8243; custom_padding=\u00bb|||\u00bb global_colors_info=\u00bb{}\u00bb custom_padding__hover=\u00bb|||\u00bb][et_pb_blurb title=\u00bbSeguimientos\u00bb image=\u00bbhttps:\/\/eizconsultants.com\/wp-content\/uploads\/2018\/10\/icono-seguimiento.png\u00bb image_icon_width=\u00bb25%\u00bb admin_label=\u00bbService\u00bb _builder_version=\u00bb4.27.4&#8243; header_font=\u00bbPoppins|600|||||||\u00bb header_text_align=\u00bbcenter\u00bb header_text_color=\u00bb#486066&#8243; header_font_size=\u00bb18px\u00bb header_line_height=\u00bb1.3em\u00bb body_font=\u00bbOpen Sans||||||||\u00bb body_text_align=\u00bbcenter\u00bb body_text_color=\u00bb#486066&#8243; body_line_height=\u00bb2em\u00bb background_color=\u00bb#ffffff\u00bb custom_margin=\u00bb|||\u00bb custom_padding=\u00bb40px|30px|40px|30px\u00bb animation_style=\u00bbfade\u00bb animation_delay=\u00bb100ms\u00bb animation=\u00bboff\u00bb hover_enabled=\u00bb0&#8243; border_radii=\u00bbon|6px|6px|6px|6px\u00bb box_shadow_style=\u00bbpreset1&#8243; box_shadow_vertical=\u00bb10px\u00bb box_shadow_blur=\u00bb24px\u00bb box_shadow_spread=\u00bb6px\u00bb box_shadow_color=\u00bbrgba(0,0,0,0.06)\u00bb global_colors_info=\u00bb{}\u00bb sticky_enabled=\u00bb0&#8243;]<\/p>\n<p>Las actualizaciones de las versiones de tu p\u00e1gina, como del contenido, como de las im\u00e1genes, es nuestro trabajo de seguimiento. Sin embargo sabemos de muchos clientes que una vez tienen su presencia en la web quieren ser ellos mismos quienes la actualicen, te ofrecemos manuales \u00abhazlo tu mismo\u00bb personalizados a tu plantilla y a tu p\u00e1gina. Sin embargo nunca nos desconectamos por completo de nuestros clientes.<\/p>\n<p>[\/et_pb_blurb][\/et_pb_column][\/et_pb_row][\/et_pb_section]<\/p>","protected":false},"excerpt":{"rendered":"<p>Nuestros servicios Convertimos tus ideas en dise\u00f1os que hablan por tu marca. Ya sea que est\u00e9s empezando o buscando refrescar tu imagen, tenemos paquetes flexibles que se ajustan a tu presupuesto y necesidades reales.\u00bfC\u00f3mo podemos ayudarte? Nuestros paquetesPaquete YAMO Ideal para emprendimientos o proyectos que reci\u00e9n comienzan. Incluye: Dise\u00f1o de logotipo (2 propuestas, 2 rondas [&hellip;]<\/p>","protected":false},"author":1,"featured_media":0,"parent":0,"menu_order":0,"comment_status":"closed","ping_status":"closed","template":"","meta":{"_et_pb_use_builder":"on","_et_pb_old_content":"","_et_gb_content_width":"","_exactmetrics_skip_tracking":false,"_exactmetrics_sitenote_active":false,"_exactmetrics_sitenote_note":"","_exactmetrics_sitenote_category":0,"footnotes":""},"class_list":["post-833","page","type-page","status-publish","hentry"],"_links":{"self":[{"href":"https:\/\/eizconsultants.com\/en\/wp-json\/wp\/v2\/pages\/833","targetHints":{"allow":["GET"]}}],"collection":[{"href":"https:\/\/eizconsultants.com\/en\/wp-json\/wp\/v2\/pages"}],"about":[{"href":"https:\/\/eizconsultants.com\/en\/wp-json\/wp\/v2\/types\/page"}],"author":[{"embeddable":true,"href":"https:\/\/eizconsultants.com\/en\/wp-json\/wp\/v2\/users\/1"}],"replies":[{"embeddable":true,"href":"https:\/\/eizconsultants.com\/en\/wp-json\/wp\/v2\/comments?post=833"}],"version-history":[{"count":10,"href":"https:\/\/eizconsultants.com\/en\/wp-json\/wp\/v2\/pages\/833\/revisions"}],"predecessor-version":[{"id":875,"href":"https:\/\/eizconsultants.com\/en\/wp-json\/wp\/v2\/pages\/833\/revisions\/875"}],"wp:attachment":[{"href":"https:\/\/eizconsultants.com\/en\/wp-json\/wp\/v2\/media?parent=833"}],"curies":[{"name":"wp","href":"https:\/\/api.w.org\/{rel}","templated":true}]}}